{"id":42123,"date":"2021-06-30T16:48:21","date_gmt":"2021-06-30T03:03:21","guid":{"rendered":"https:\/\/www.oil724.com\/product\/bomba-de-liquido-hii-7l-ds-35"},"modified":"2025-11-17T21:57:36","modified_gmt":"2025-11-17T08:12:36","slug":"hii-liquid-pump-7l-ds-35","status":"publish","type":"product","link":"https:\/\/www.oil724.com\/es\/producto\/hii-liquid-pump-7l-ds-35","title":{"rendered":"HII Bomba de l\u00edquido 7L-DS-35"},"content":{"rendered":"<p>Las bombas de l\u00edquido accionadas por aire de Hydraulics International, Inc. (HII) funcionan seg\u00fan el principio de \u00e1reas de trabajo diferenciales. Un pist\u00f3n de aire impulsa un \u00e9mbolo o pist\u00f3n de menor di\u00e1metro para proporcionar una relaci\u00f3n de presi\u00f3n. La relaci\u00f3n de presi\u00f3n es el m\u00e9todo para determinar la presi\u00f3n de salida m\u00e1xima disponible. Los n\u00fameros de modelo de Hydraulics International reflejan la relaci\u00f3n de presi\u00f3n nominal de las bombas. Las bombas de l\u00edquido de Hydraulics International funcionan a una presi\u00f3n de aire de accionamiento de 12-150 psi (0,8-10 bar) y se ciclar\u00e1n autom\u00e1ticamente cuando se aplique aire comprimido por primera vez al variador. Comenzar\u00e1 a ciclar a su velocidad m\u00e1xima, produciendo as\u00ed el m\u00e1ximo flujo de fluido. En esta etapa, la bomba act\u00faa como una bomba de transferencia, llenando el sistema de presi\u00f3n con fluido. A medida que aumenta la resistencia en el sistema (creando contrapresi\u00f3n en la bomba), la bomba disminuir\u00e1 su acci\u00f3n rec\u00edproca. La contrapresi\u00f3n en el sistema finalmente se equilibra con la presi\u00f3n de accionamiento de aire entrante multiplicada por la relaci\u00f3n. En este punto, la bomba se detendr\u00e1 y mantendr\u00e1 la presi\u00f3n sin consumir energ\u00eda. Si hay m\u00e1s demanda de flujo en el sistema, la bomba comenzar\u00e1 autom\u00e1ticamente a ciclar nuevamente.<\/p>\n<div><\/div>\n<div>VENTAJAS DE LAS BOMBAS HII<\/div>\n<div><\/div>\n<div>\u25a0 No se requiere lubricaci\u00f3n de la l\u00ednea de accionamiento neum\u00e1tico.<\/div>\n<div>\u25a0 Autocebado para un funcionamiento inmediato.<\/div>\n<div>\u25a0 Compatible con todos los fluidos hidr\u00e1ulicos, agua corriente, agua destilada y desionizada, solventes, productos qu\u00edmicos suaves y la mayor\u00eda de los gases de tipo aerosol licuado.<\/div>\n<div>\u25a0 El cuerpo hidr\u00e1ulico, las v\u00e1lvulas de retenci\u00f3n y las molduras de acero inoxidable son est\u00e1ndar, excepto los modelos -4 y -7.<\/div>\n<div>\u25a0 Los gases alternativos que pueden impulsar la bomba incluyen nitr\u00f3geno, vapor de gas licuado, gas natural de tuber\u00eda y gas natural agrio con las modificaciones adecuadas.<\/div>\n<div>\u25a0 Ofrecer una amplia gama de modificaciones est\u00e1ndar.<\/div>\n<div>\u25a0 La presi\u00f3n hidr\u00e1ulica se mantiene sin consumo de energ\u00eda.<\/div>\n<div>\u25a0 A prueba de explosiones &#8230; No requiere energ\u00eda el\u00e9ctrica ni conexiones.<\/div>\n<div>\u25a0 Intr\u00ednsecamente seguro.<\/div>\n<div>\u25a0 Compacto, ligero y resistente a la intemperie.<\/div>\n<div>\u25a0 Controles autom\u00e1ticos f\u00e1ciles de adaptar.<\/div>\n<div>\u25a0 Tolerante a la contaminaci\u00f3n.<\/div>\n<div>\u25a0 Presi\u00f3n de p\u00e9rdida de salida predeterminada por el regulador de accionamiento neum\u00e1tico.<\/div>\n<div>\u25a0 Capacidad de alta presi\u00f3n: hasta 80,000 psi (5516 bar).<\/div>\n<div>\u25a0 Ideal para aplicaciones de parada y arranque a plena carga.<\/div>\n<div>\u25a0 F\u00e1cil de instalar y operar.<\/div>\n<div>\u25a0 Sistema de calidad certificado ISO 9001: 2008 y AS9100-2009<\/div>\n","protected":false},"excerpt":{"rendered":"<p>Presi\u00f3n m\u00e1xima de salida: 5,250 PSI; Desplazamiento de volumen: 7.8 in3<\/p>\n","protected":false},"featured_media":42125,"template":"","meta":[],"pwb-brand":[6564],"product_brand":[],"product_cat":[6569],"product_tag":[],"class_list":{"0":"post-42123","1":"product","2":"type-product","3":"status-publish","4":"has-post-thumbnail","6":"pwb-brand-hii-es","7":"product_cat-bomba-de-piston","9":"first","10":"onbackorder","11":"featured","12":"taxable","13":"shipping-taxable","14":"purchasable","15":"product-type-simple"},"yoast_head":"<!-- This site is optimized with the Yoast SEO plugin v27.5 - https:\/\/yoast.com\/product\/yoast-seo-wordpress\/ -->\n<title>HII Bomba de l\u00edquido 7L-DS-35 - OIL724<\/title>\n<meta name=\"robots\" content=\"index, follow, max-snippet:-1, max-image-preview:large, max-video-preview:-1\" \/>\n<link rel=\"canonical\" href=\"https:\/\/www.oil724.com\/es\/producto\/hii-liquid-pump-7l-ds-35\" \/>\n<meta property=\"og:locale\" content=\"es_ES\" \/>\n<meta property=\"og:type\" content=\"article\" \/>\n<meta property=\"og:title\" content=\"HII Bomba de l\u00edquido 7L-DS-35 - OIL724\" \/>\n<meta property=\"og:description\" content=\"Presi\u00f3n m\u00e1xima de salida: 5,250 PSI; Desplazamiento de volumen: 7.8 in3\" \/>\n<meta property=\"og:url\" content=\"https:\/\/www.oil724.com\/es\/producto\/hii-liquid-pump-7l-ds-35\" \/>\n<meta property=\"og:site_name\" content=\"OIL724\" \/>\n<meta property=\"article:modified_time\" content=\"2025-11-17T08:12:36+00:00\" \/>\n<meta property=\"og:image\" content=\"https:\/\/www.oil724.com\/wp-content\/uploads\/2021\/06\/7L.jpg\" \/>\n\t<meta property=\"og:image:width\" content=\"1003\" \/>\n\t<meta property=\"og:image:height\" content=\"706\" \/>\n\t<meta property=\"og:image:type\" content=\"image\/jpeg\" \/>\n<meta name=\"twitter:card\" content=\"summary_large_image\" \/>\n<meta name=\"twitter:label1\" content=\"Tiempo de lectura\" \/>\n\t<meta name=\"twitter:data1\" content=\"2 minutos\" \/>\n<script type=\"application\/ld+json\" class=\"yoast-schema-graph\">{\"@context\":\"https:\\\/\\\/schema.org\",\"@graph\":[{\"@type\":\"WebPage\",\"@id\":\"https:\\\/\\\/www.oil724.com\\\/es\\\/producto\\\/hii-liquid-pump-7l-ds-35\",\"url\":\"https:\\\/\\\/www.oil724.com\\\/es\\\/producto\\\/hii-liquid-pump-7l-ds-35\",\"name\":\"HII Bomba de l\u00edquido 7L-DS-35 - OIL724\",\"isPartOf\":{\"@id\":\"https:\\\/\\\/www.oil724.com\\\/es\\\/en#website\"},\"primaryImageOfPage\":{\"@id\":\"https:\\\/\\\/www.oil724.com\\\/es\\\/producto\\\/hii-liquid-pump-7l-ds-35#primaryimage\"},\"image\":{\"@id\":\"https:\\\/\\\/www.oil724.com\\\/es\\\/producto\\\/hii-liquid-pump-7l-ds-35#primaryimage\"},\"thumbnailUrl\":\"https:\\\/\\\/www.oil724.com\\\/wp-content\\\/uploads\\\/2021\\\/06\\\/7L.jpg\",\"datePublished\":\"2021-06-30T03:03:21+00:00\",\"dateModified\":\"2025-11-17T08:12:36+00:00\",\"breadcrumb\":{\"@id\":\"https:\\\/\\\/www.oil724.com\\\/es\\\/producto\\\/hii-liquid-pump-7l-ds-35#breadcrumb\"},\"inLanguage\":\"es\",\"potentialAction\":[{\"@type\":\"ReadAction\",\"target\":[\"https:\\\/\\\/www.oil724.com\\\/es\\\/producto\\\/hii-liquid-pump-7l-ds-35\"]}]},{\"@type\":\"ImageObject\",\"inLanguage\":\"es\",\"@id\":\"https:\\\/\\\/www.oil724.com\\\/es\\\/producto\\\/hii-liquid-pump-7l-ds-35#primaryimage\",\"url\":\"https:\\\/\\\/www.oil724.com\\\/wp-content\\\/uploads\\\/2021\\\/06\\\/7L.jpg\",\"contentUrl\":\"https:\\\/\\\/www.oil724.com\\\/wp-content\\\/uploads\\\/2021\\\/06\\\/7L.jpg\",\"width\":1003,\"height\":706},{\"@type\":\"BreadcrumbList\",\"@id\":\"https:\\\/\\\/www.oil724.com\\\/es\\\/producto\\\/hii-liquid-pump-7l-ds-35#breadcrumb\",\"itemListElement\":[{\"@type\":\"ListItem\",\"position\":1,\"name\":\"\u9996\u9875\",\"item\":\"https:\\\/\\\/www.oil724.com\\\/es\"},{\"@type\":\"ListItem\",\"position\":2,\"name\":\"Shop\",\"item\":\"https:\\\/\\\/www.oil724.com\\\/en\\\/shop\"},{\"@type\":\"ListItem\",\"position\":3,\"name\":\"HII Bomba de l\u00edquido 7L-DS-35\"}]},{\"@type\":\"WebSite\",\"@id\":\"https:\\\/\\\/www.oil724.com\\\/es\\\/en#website\",\"url\":\"https:\\\/\\\/www.oil724.com\\\/es\\\/en\",\"name\":\"OIL724\",\"description\":\"\",\"publisher\":{\"@id\":\"https:\\\/\\\/www.oil724.com\\\/es\\\/en#organization\"},\"potentialAction\":[{\"@type\":\"SearchAction\",\"target\":{\"@type\":\"EntryPoint\",\"urlTemplate\":\"https:\\\/\\\/www.oil724.com\\\/es\\\/en?s={search_term_string}\"},\"query-input\":{\"@type\":\"PropertyValueSpecification\",\"valueRequired\":true,\"valueName\":\"search_term_string\"}}],\"inLanguage\":\"es\"},{\"@type\":\"Organization\",\"@id\":\"https:\\\/\\\/www.oil724.com\\\/es\\\/en#organization\",\"name\":\"OIL724\",\"url\":\"https:\\\/\\\/www.oil724.com\\\/es\\\/en\",\"logo\":{\"@type\":\"ImageObject\",\"inLanguage\":\"es\",\"@id\":\"https:\\\/\\\/www.oil724.com\\\/es\\\/en#\\\/schema\\\/logo\\\/image\\\/\",\"url\":\"https:\\\/\\\/www.oil724.com\\\/wp-content\\\/uploads\\\/2020\\\/02\\\/OIL724-LOGO-scaled-e1704177881986.jpg\",\"contentUrl\":\"https:\\\/\\\/www.oil724.com\\\/wp-content\\\/uploads\\\/2020\\\/02\\\/OIL724-LOGO-scaled-e1704177881986.jpg\",\"width\":780,\"height\":117,\"caption\":\"OIL724\"},\"image\":{\"@id\":\"https:\\\/\\\/www.oil724.com\\\/es\\\/en#\\\/schema\\\/logo\\\/image\\\/\"}}]}<\/script>\n<!-- \/ Yoast SEO plugin. -->","yoast_head_json":{"title":"HII Bomba de l\u00edquido 7L-DS-35 - OIL724","robots":{"index":"index","follow":"follow","max-snippet":"max-snippet:-1","max-image-preview":"max-image-preview:large","max-video-preview":"max-video-preview:-1"},"canonical":"https:\/\/www.oil724.com\/es\/producto\/hii-liquid-pump-7l-ds-35","og_locale":"es_ES","og_type":"article","og_title":"HII Bomba de l\u00edquido 7L-DS-35 - OIL724","og_description":"Presi\u00f3n m\u00e1xima de salida: 5,250 PSI; Desplazamiento de volumen: 7.8 in3","og_url":"https:\/\/www.oil724.com\/es\/producto\/hii-liquid-pump-7l-ds-35","og_site_name":"OIL724","article_modified_time":"2025-11-17T08:12:36+00:00","og_image":[{"width":1003,"height":706,"url":"https:\/\/www.oil724.com\/wp-content\/uploads\/2021\/06\/7L.jpg","type":"image\/jpeg"}],"twitter_card":"summary_large_image","twitter_misc":{"Tiempo de lectura":"2 minutos"},"schema":{"@context":"https:\/\/schema.org","@graph":[{"@type":"WebPage","@id":"https:\/\/www.oil724.com\/es\/producto\/hii-liquid-pump-7l-ds-35","url":"https:\/\/www.oil724.com\/es\/producto\/hii-liquid-pump-7l-ds-35","name":"HII Bomba de l\u00edquido 7L-DS-35 - OIL724","isPartOf":{"@id":"https:\/\/www.oil724.com\/es\/en#website"},"primaryImageOfPage":{"@id":"https:\/\/www.oil724.com\/es\/producto\/hii-liquid-pump-7l-ds-35#primaryimage"},"image":{"@id":"https:\/\/www.oil724.com\/es\/producto\/hii-liquid-pump-7l-ds-35#primaryimage"},"thumbnailUrl":"https:\/\/www.oil724.com\/wp-content\/uploads\/2021\/06\/7L.jpg","datePublished":"2021-06-30T03:03:21+00:00","dateModified":"2025-11-17T08:12:36+00:00","breadcrumb":{"@id":"https:\/\/www.oil724.com\/es\/producto\/hii-liquid-pump-7l-ds-35#breadcrumb"},"inLanguage":"es","potentialAction":[{"@type":"ReadAction","target":["https:\/\/www.oil724.com\/es\/producto\/hii-liquid-pump-7l-ds-35"]}]},{"@type":"ImageObject","inLanguage":"es","@id":"https:\/\/www.oil724.com\/es\/producto\/hii-liquid-pump-7l-ds-35#primaryimage","url":"https:\/\/www.oil724.com\/wp-content\/uploads\/2021\/06\/7L.jpg","contentUrl":"https:\/\/www.oil724.com\/wp-content\/uploads\/2021\/06\/7L.jpg","width":1003,"height":706},{"@type":"BreadcrumbList","@id":"https:\/\/www.oil724.com\/es\/producto\/hii-liquid-pump-7l-ds-35#breadcrumb","itemListElement":[{"@type":"ListItem","position":1,"name":"\u9996\u9875","item":"https:\/\/www.oil724.com\/es"},{"@type":"ListItem","position":2,"name":"Shop","item":"https:\/\/www.oil724.com\/en\/shop"},{"@type":"ListItem","position":3,"name":"HII Bomba de l\u00edquido 7L-DS-35"}]},{"@type":"WebSite","@id":"https:\/\/www.oil724.com\/es\/en#website","url":"https:\/\/www.oil724.com\/es\/en","name":"OIL724","description":"","publisher":{"@id":"https:\/\/www.oil724.com\/es\/en#organization"},"potentialAction":[{"@type":"SearchAction","target":{"@type":"EntryPoint","urlTemplate":"https:\/\/www.oil724.com\/es\/en?s={search_term_string}"},"query-input":{"@type":"PropertyValueSpecification","valueRequired":true,"valueName":"search_term_string"}}],"inLanguage":"es"},{"@type":"Organization","@id":"https:\/\/www.oil724.com\/es\/en#organization","name":"OIL724","url":"https:\/\/www.oil724.com\/es\/en","logo":{"@type":"ImageObject","inLanguage":"es","@id":"https:\/\/www.oil724.com\/es\/en#\/schema\/logo\/image\/","url":"https:\/\/www.oil724.com\/wp-content\/uploads\/2020\/02\/OIL724-LOGO-scaled-e1704177881986.jpg","contentUrl":"https:\/\/www.oil724.com\/wp-content\/uploads\/2020\/02\/OIL724-LOGO-scaled-e1704177881986.jpg","width":780,"height":117,"caption":"OIL724"},"image":{"@id":"https:\/\/www.oil724.com\/es\/en#\/schema\/logo\/image\/"}}]}},"brands":[{"id":6564,"name":"HII","slug":"hii-es"}],"_links":{"self":[{"href":"https:\/\/www.oil724.com\/es\/wp-json\/wp\/v2\/product\/42123","targetHints":{"allow":["GET"]}}],"collection":[{"href":"https:\/\/www.oil724.com\/es\/wp-json\/wp\/v2\/product"}],"about":[{"href":"https:\/\/www.oil724.com\/es\/wp-json\/wp\/v2\/types\/product"}],"wp:featuredmedia":[{"embeddable":true,"href":"https:\/\/www.oil724.com\/es\/wp-json\/wp\/v2\/media\/42125"}],"wp:attachment":[{"href":"https:\/\/www.oil724.com\/es\/wp-json\/wp\/v2\/media?parent=42123"}],"wp:term":[{"taxonomy":"pwb-brand","embeddable":true,"href":"https:\/\/www.oil724.com\/es\/wp-json\/wp\/v2\/pwb-brand?post=42123"},{"taxonomy":"product_brand","embeddable":true,"href":"https:\/\/www.oil724.com\/es\/wp-json\/wp\/v2\/product_brand?post=42123"},{"taxonomy":"product_cat","embeddable":true,"href":"https:\/\/www.oil724.com\/es\/wp-json\/wp\/v2\/product_cat?post=42123"},{"taxonomy":"product_tag","embeddable":true,"href":"https:\/\/www.oil724.com\/es\/wp-json\/wp\/v2\/product_tag?post=42123"}],"curies":[{"name":"wp","href":"https:\/\/api.w.org\/{rel}","templated":true}]}}