{"id":42103,"date":"2020-08-06T11:03:00","date_gmt":"2020-08-05T21:18:00","guid":{"rendered":"https:\/\/www.oil724.com\/product\/bomba-de-engranajes-roper-2am08"},"modified":"2025-11-17T21:37:44","modified_gmt":"2025-11-17T07:52:44","slug":"roper-gear-pump-2am08","status":"publish","type":"product","link":"https:\/\/www.oil724.com\/es\/producto\/roper-gear-pump-2am08","title":{"rendered":"Roper Bomba de engranajes 2AM08"},"content":{"rendered":"<p><strong>Bombas de uso general de la serie A<\/strong><\/p>\n<p>Bombas de uso general para lubricaci\u00f3n a presi\u00f3n, servicio hidr\u00e1ulico, suministro de combustible y transferencia general<\/p>\n<p>Hasta 59 GPM \u25cf Hasta 300 PSI<\/p>\n<p>Las bombas de la serie A de Roper se adaptan a una amplia gama de aplicaciones que bombean fluidos limpios, como lubricaci\u00f3n a presi\u00f3n, servicio hidr\u00e1ulico, suministro de combustible o transferencia general de l\u00edquidos.<\/p>\n<p>Estas bombas est\u00e1n dise\u00f1adas para funcionar a velocidades de motor est\u00e1ndar, con disposiciones para montaje en brida o pie. Los cojinetes internos son lubricados por el fluido que se bombea. Con solo dos partes m\u00f3viles, las bombas funcionan silenciosamente.<\/p>\n<p>Se fabrican y ensamblan con tolerancias estrechas, y se prueban regularmente para garantizar un rendimiento confiable. Ensamblado de f\u00e1brica para rotaci\u00f3n en el sentido de las agujas del reloj (mirando hacia el extremo del eje de transmisi\u00f3n de la bomba), la mayor\u00eda puede volver a ensamblarse para operar con la misma eficiencia en una rotaci\u00f3n en sentido contrario a las agujas del reloj.<\/p>\n<p>MATERIALES DE CONSTRUCCI\u00d3N<br \/>\nEst\u00e1ndar montado<br \/>\nCarcasa &#8230;&#8230;&#8230;&#8230;&#8230;&#8230;&#8230;&#8230;&#8230;&#8230;&#8230;&#8230;&#8230;&#8230;. hierro fundido<br \/>\nEngranajes &#8230;&#8230;&#8230;&#8230;&#8230;&#8230;&#8230;&#8230;&#8230;&#8230;&#8230;&#8230;&#8230;&#8230;&#8230;.. Hierro d\u00factil *<br \/>\nAcero endurecido **<br \/>\nRodamientos &#8230;&#8230;&#8230;&#8230;&#8230;&#8230;&#8230;&#8230;&#8230;&#8230;&#8230;&#8230;&#8230;&#8230;. Bronce<br \/>\nEjes Idler &#8230;&#8230;&#8230;&#8230;&#8230;&#8230;&#8230;&#8230;&#8230;&#8230;&#8230;&#8230;.. Hierro d\u00factil *<br \/>\nAcero **<br \/>\nEjes de transmisi\u00f3n &#8230;&#8230;&#8230;&#8230;&#8230;&#8230;&#8230;&#8230;&#8230;&#8230;&#8230;&#8230;. Acero<br \/>\nendurecido Materiales<br \/>\nCarcasa &#8230;&#8230;&#8230;&#8230;&#8230;&#8230;&#8230;&#8230;&#8230;&#8230;&#8230;&#8230;&#8230;&#8230;. Hierro d\u00factil*** Rodamientos&#8230;&#8230;&#8230;&#8230;&#8230;&#8230;&#8230;&#8230;&#8230;&#8230;&#8230;&#8230;&#8230;&#8230;. Hierro, Carbono<br \/>\n*06 y tama\u00f1os m\u00e1s grandes. **03 y tama\u00f1os m\u00e1s peque\u00f1os.<br \/>\nEn tama\u00f1os 005, 01 y 02<\/p>\n<p>FUNCIONES<\/p>\n<p>\u25a0 Dise\u00f1ado para funcionar a velocidades de motor est\u00e1ndar<br \/>\n\u25a0 Rotaci\u00f3n bidireccional<\/p>\n<p>Engranajes helicoidales de funcionamiento silencioso<\/p>\n<p>El mecanizado preciso asegura:<br \/>\n\u25a0 engrane adecuado<br \/>\n\u25a0 reducci\u00f3n de la fricci\u00f3n y la vibraci\u00f3n<br \/>\n\u25a0 funcionamiento silencioso y eficiente<br \/>\n\u25a0 larga vida \u00fatil<\/p>\n<p>Superficies de rodamiento de larga duraci\u00f3n<br \/>\n\u25a0 Los cojinetes son de bronce especial resistente al desgaste y con alto contenido de plomo. (Los cojinetes de hierro y carbono est\u00e1n disponibles).<br \/>\n\u25a0 Cuatro cojinetes de manguito de servicio pesado brindan un soporte positivo a los engranajes de bombeo y aseguran un servicio prolongado y eficiente.<\/p>\n<p>Dise\u00f1o preciso, resistente y de f\u00e1cil mantenimiento<br \/>\n\u25a0 Todas las piezas fundidas son de hierro fundido.<br \/>\n\u25a0 Las tolerancias de fabricaci\u00f3n precisas proporcionan espacios libres m\u00ednimos para una m\u00e1xima eficiencia de bombeo.<br \/>\n\u25a0 Los pasadores grandes de acero endurecido aseguran una alineaci\u00f3n positiva entre la placa frontal, la carcasa y la placa posterior.<\/p>\n","protected":false},"excerpt":{"rendered":"<p>16.1 gpm, 150 psi, 1-1\/4 in Puertos NPT<\/p>\n","protected":false},"featured_media":42108,"template":"","meta":[],"pwb-brand":[6534],"product_brand":[],"product_cat":[6535],"product_tag":[],"class_list":{"0":"post-42103","1":"product","2":"type-product","3":"status-publish","4":"has-post-thumbnail","6":"pwb-brand-roper-es","7":"product_cat-bomba-de-engranajes","8":"pa_pump-model-en-foot-mounted-with-relief-valve-es","10":"first","11":"instock","12":"featured","13":"taxable","14":"shipping-taxable","15":"purchasable","16":"product-type-simple"},"yoast_head":"<!-- This site is optimized with the Yoast SEO plugin v27.5 - https:\/\/yoast.com\/product\/yoast-seo-wordpress\/ -->\n<title>Roper Bomba de engranajes 2AM08 - OIL724<\/title>\n<meta name=\"robots\" content=\"index, follow, max-snippet:-1, max-image-preview:large, max-video-preview:-1\" \/>\n<link rel=\"canonical\" href=\"https:\/\/www.oil724.com\/es\/producto\/roper-gear-pump-2am08\" \/>\n<meta property=\"og:locale\" content=\"es_ES\" \/>\n<meta property=\"og:type\" content=\"article\" \/>\n<meta property=\"og:title\" content=\"Roper Bomba de engranajes 2AM08 - OIL724\" \/>\n<meta property=\"og:description\" content=\"16.1 gpm, 150 psi, 1-1\/4 in Puertos NPT\" \/>\n<meta property=\"og:url\" content=\"https:\/\/www.oil724.com\/es\/producto\/roper-gear-pump-2am08\" \/>\n<meta property=\"og:site_name\" content=\"OIL724\" \/>\n<meta property=\"article:modified_time\" content=\"2025-11-17T07:52:44+00:00\" \/>\n<meta property=\"og:image\" content=\"https:\/\/www.oil724.com\/wp-content\/uploads\/2020\/08\/A-series-06-40-foot-mounted.png\" \/>\n\t<meta property=\"og:image:width\" content=\"582\" \/>\n\t<meta property=\"og:image:height\" content=\"360\" \/>\n\t<meta property=\"og:image:type\" content=\"image\/png\" \/>\n<meta name=\"twitter:card\" content=\"summary_large_image\" \/>\n<meta name=\"twitter:label1\" content=\"Tiempo de lectura\" \/>\n\t<meta name=\"twitter:data1\" content=\"2 minutos\" \/>\n<script type=\"application\/ld+json\" class=\"yoast-schema-graph\">{\"@context\":\"https:\\\/\\\/schema.org\",\"@graph\":[{\"@type\":\"WebPage\",\"@id\":\"https:\\\/\\\/www.oil724.com\\\/es\\\/producto\\\/roper-gear-pump-2am08\",\"url\":\"https:\\\/\\\/www.oil724.com\\\/es\\\/producto\\\/roper-gear-pump-2am08\",\"name\":\"Roper Bomba de engranajes 2AM08 - OIL724\",\"isPartOf\":{\"@id\":\"https:\\\/\\\/www.oil724.com\\\/es\\\/en#website\"},\"primaryImageOfPage\":{\"@id\":\"https:\\\/\\\/www.oil724.com\\\/es\\\/producto\\\/roper-gear-pump-2am08#primaryimage\"},\"image\":{\"@id\":\"https:\\\/\\\/www.oil724.com\\\/es\\\/producto\\\/roper-gear-pump-2am08#primaryimage\"},\"thumbnailUrl\":\"https:\\\/\\\/www.oil724.com\\\/wp-content\\\/uploads\\\/2020\\\/08\\\/A-series-06-40-foot-mounted.png\",\"datePublished\":\"2020-08-05T21:18:00+00:00\",\"dateModified\":\"2025-11-17T07:52:44+00:00\",\"breadcrumb\":{\"@id\":\"https:\\\/\\\/www.oil724.com\\\/es\\\/producto\\\/roper-gear-pump-2am08#breadcrumb\"},\"inLanguage\":\"es\",\"potentialAction\":[{\"@type\":\"ReadAction\",\"target\":[\"https:\\\/\\\/www.oil724.com\\\/es\\\/producto\\\/roper-gear-pump-2am08\"]}]},{\"@type\":\"ImageObject\",\"inLanguage\":\"es\",\"@id\":\"https:\\\/\\\/www.oil724.com\\\/es\\\/producto\\\/roper-gear-pump-2am08#primaryimage\",\"url\":\"https:\\\/\\\/www.oil724.com\\\/wp-content\\\/uploads\\\/2020\\\/08\\\/A-series-06-40-foot-mounted.png\",\"contentUrl\":\"https:\\\/\\\/www.oil724.com\\\/wp-content\\\/uploads\\\/2020\\\/08\\\/A-series-06-40-foot-mounted.png\",\"width\":582,\"height\":360},{\"@type\":\"BreadcrumbList\",\"@id\":\"https:\\\/\\\/www.oil724.com\\\/es\\\/producto\\\/roper-gear-pump-2am08#breadcrumb\",\"itemListElement\":[{\"@type\":\"ListItem\",\"position\":1,\"name\":\"\u9996\u9875\",\"item\":\"https:\\\/\\\/www.oil724.com\\\/es\"},{\"@type\":\"ListItem\",\"position\":2,\"name\":\"Shop\",\"item\":\"https:\\\/\\\/www.oil724.com\\\/en\\\/shop\"},{\"@type\":\"ListItem\",\"position\":3,\"name\":\"Roper Bomba de engranajes 2AM08\"}]},{\"@type\":\"WebSite\",\"@id\":\"https:\\\/\\\/www.oil724.com\\\/es\\\/en#website\",\"url\":\"https:\\\/\\\/www.oil724.com\\\/es\\\/en\",\"name\":\"OIL724\",\"description\":\"\",\"publisher\":{\"@id\":\"https:\\\/\\\/www.oil724.com\\\/es\\\/en#organization\"},\"potentialAction\":[{\"@type\":\"SearchAction\",\"target\":{\"@type\":\"EntryPoint\",\"urlTemplate\":\"https:\\\/\\\/www.oil724.com\\\/es\\\/en?s={search_term_string}\"},\"query-input\":{\"@type\":\"PropertyValueSpecification\",\"valueRequired\":true,\"valueName\":\"search_term_string\"}}],\"inLanguage\":\"es\"},{\"@type\":\"Organization\",\"@id\":\"https:\\\/\\\/www.oil724.com\\\/es\\\/en#organization\",\"name\":\"OIL724\",\"url\":\"https:\\\/\\\/www.oil724.com\\\/es\\\/en\",\"logo\":{\"@type\":\"ImageObject\",\"inLanguage\":\"es\",\"@id\":\"https:\\\/\\\/www.oil724.com\\\/es\\\/en#\\\/schema\\\/logo\\\/image\\\/\",\"url\":\"https:\\\/\\\/www.oil724.com\\\/wp-content\\\/uploads\\\/2020\\\/02\\\/OIL724-LOGO-scaled-e1704177881986.jpg\",\"contentUrl\":\"https:\\\/\\\/www.oil724.com\\\/wp-content\\\/uploads\\\/2020\\\/02\\\/OIL724-LOGO-scaled-e1704177881986.jpg\",\"width\":780,\"height\":117,\"caption\":\"OIL724\"},\"image\":{\"@id\":\"https:\\\/\\\/www.oil724.com\\\/es\\\/en#\\\/schema\\\/logo\\\/image\\\/\"}}]}<\/script>\n<!-- \/ Yoast SEO plugin. -->","yoast_head_json":{"title":"Roper Bomba de engranajes 2AM08 - OIL724","robots":{"index":"index","follow":"follow","max-snippet":"max-snippet:-1","max-image-preview":"max-image-preview:large","max-video-preview":"max-video-preview:-1"},"canonical":"https:\/\/www.oil724.com\/es\/producto\/roper-gear-pump-2am08","og_locale":"es_ES","og_type":"article","og_title":"Roper Bomba de engranajes 2AM08 - OIL724","og_description":"16.1 gpm, 150 psi, 1-1\/4 in Puertos NPT","og_url":"https:\/\/www.oil724.com\/es\/producto\/roper-gear-pump-2am08","og_site_name":"OIL724","article_modified_time":"2025-11-17T07:52:44+00:00","og_image":[{"width":582,"height":360,"url":"https:\/\/www.oil724.com\/wp-content\/uploads\/2020\/08\/A-series-06-40-foot-mounted.png","type":"image\/png"}],"twitter_card":"summary_large_image","twitter_misc":{"Tiempo de lectura":"2 minutos"},"schema":{"@context":"https:\/\/schema.org","@graph":[{"@type":"WebPage","@id":"https:\/\/www.oil724.com\/es\/producto\/roper-gear-pump-2am08","url":"https:\/\/www.oil724.com\/es\/producto\/roper-gear-pump-2am08","name":"Roper Bomba de engranajes 2AM08 - OIL724","isPartOf":{"@id":"https:\/\/www.oil724.com\/es\/en#website"},"primaryImageOfPage":{"@id":"https:\/\/www.oil724.com\/es\/producto\/roper-gear-pump-2am08#primaryimage"},"image":{"@id":"https:\/\/www.oil724.com\/es\/producto\/roper-gear-pump-2am08#primaryimage"},"thumbnailUrl":"https:\/\/www.oil724.com\/wp-content\/uploads\/2020\/08\/A-series-06-40-foot-mounted.png","datePublished":"2020-08-05T21:18:00+00:00","dateModified":"2025-11-17T07:52:44+00:00","breadcrumb":{"@id":"https:\/\/www.oil724.com\/es\/producto\/roper-gear-pump-2am08#breadcrumb"},"inLanguage":"es","potentialAction":[{"@type":"ReadAction","target":["https:\/\/www.oil724.com\/es\/producto\/roper-gear-pump-2am08"]}]},{"@type":"ImageObject","inLanguage":"es","@id":"https:\/\/www.oil724.com\/es\/producto\/roper-gear-pump-2am08#primaryimage","url":"https:\/\/www.oil724.com\/wp-content\/uploads\/2020\/08\/A-series-06-40-foot-mounted.png","contentUrl":"https:\/\/www.oil724.com\/wp-content\/uploads\/2020\/08\/A-series-06-40-foot-mounted.png","width":582,"height":360},{"@type":"BreadcrumbList","@id":"https:\/\/www.oil724.com\/es\/producto\/roper-gear-pump-2am08#breadcrumb","itemListElement":[{"@type":"ListItem","position":1,"name":"\u9996\u9875","item":"https:\/\/www.oil724.com\/es"},{"@type":"ListItem","position":2,"name":"Shop","item":"https:\/\/www.oil724.com\/en\/shop"},{"@type":"ListItem","position":3,"name":"Roper Bomba de engranajes 2AM08"}]},{"@type":"WebSite","@id":"https:\/\/www.oil724.com\/es\/en#website","url":"https:\/\/www.oil724.com\/es\/en","name":"OIL724","description":"","publisher":{"@id":"https:\/\/www.oil724.com\/es\/en#organization"},"potentialAction":[{"@type":"SearchAction","target":{"@type":"EntryPoint","urlTemplate":"https:\/\/www.oil724.com\/es\/en?s={search_term_string}"},"query-input":{"@type":"PropertyValueSpecification","valueRequired":true,"valueName":"search_term_string"}}],"inLanguage":"es"},{"@type":"Organization","@id":"https:\/\/www.oil724.com\/es\/en#organization","name":"OIL724","url":"https:\/\/www.oil724.com\/es\/en","logo":{"@type":"ImageObject","inLanguage":"es","@id":"https:\/\/www.oil724.com\/es\/en#\/schema\/logo\/image\/","url":"https:\/\/www.oil724.com\/wp-content\/uploads\/2020\/02\/OIL724-LOGO-scaled-e1704177881986.jpg","contentUrl":"https:\/\/www.oil724.com\/wp-content\/uploads\/2020\/02\/OIL724-LOGO-scaled-e1704177881986.jpg","width":780,"height":117,"caption":"OIL724"},"image":{"@id":"https:\/\/www.oil724.com\/es\/en#\/schema\/logo\/image\/"}}]}},"brands":[{"id":6534,"name":"ROPER","slug":"roper-es"}],"_links":{"self":[{"href":"https:\/\/www.oil724.com\/es\/wp-json\/wp\/v2\/product\/42103","targetHints":{"allow":["GET"]}}],"collection":[{"href":"https:\/\/www.oil724.com\/es\/wp-json\/wp\/v2\/product"}],"about":[{"href":"https:\/\/www.oil724.com\/es\/wp-json\/wp\/v2\/types\/product"}],"wp:featuredmedia":[{"embeddable":true,"href":"https:\/\/www.oil724.com\/es\/wp-json\/wp\/v2\/media\/42108"}],"wp:attachment":[{"href":"https:\/\/www.oil724.com\/es\/wp-json\/wp\/v2\/media?parent=42103"}],"wp:term":[{"taxonomy":"pwb-brand","embeddable":true,"href":"https:\/\/www.oil724.com\/es\/wp-json\/wp\/v2\/pwb-brand?post=42103"},{"taxonomy":"product_brand","embeddable":true,"href":"https:\/\/www.oil724.com\/es\/wp-json\/wp\/v2\/product_brand?post=42103"},{"taxonomy":"product_cat","embeddable":true,"href":"https:\/\/www.oil724.com\/es\/wp-json\/wp\/v2\/product_cat?post=42103"},{"taxonomy":"product_tag","embeddable":true,"href":"https:\/\/www.oil724.com\/es\/wp-json\/wp\/v2\/product_tag?post=42103"}],"curies":[{"name":"wp","href":"https:\/\/api.w.org\/{rel}","templated":true}]}}