{"id":42087,"date":"2024-05-06T21:30:26","date_gmt":"2024-05-06T07:45:26","guid":{"rendered":"https:\/\/www.oil724.com\/product\/pistolas-de-lubricacion-neumatica-climax-40-120mt"},"modified":"2025-11-17T22:09:09","modified_gmt":"2025-11-17T08:24:09","slug":"climax-pneumatic-lubricant-guns-40-120mt","status":"publish","type":"product","link":"https:\/\/www.oil724.com\/es\/producto\/climax-pneumatic-lubricant-guns-40-120mt","title":{"rendered":"Climax Pistolas de lubricaci\u00f3n neum\u00e1tica 40-120MT"},"content":{"rendered":"<p>Los 40-120MT tienen el ca\u00f1\u00f3n para 5 galones o 6 galones. Lata (35 lb \u2013 40 lb) de lubricantes o sellador. La serie Modelo 120 es una bomba con una relaci\u00f3n de 120:1 con un motor neum\u00e1tico de 4&#8243; que proporciona operaciones eficientes a una presi\u00f3n de entrada de aire de 100 psi, produciendo 12,000 lbs. de presi\u00f3n de grasa.<\/p>\n<p>Los modelos 10 y 40 est\u00e1n equipados con neum\u00e1ticos de 10&#8243;.<\/p>\n<p>Todos los modelos est\u00e1n equipados con 10 pies de manguera de grasa de alta presi\u00f3n de 3\/8&#8243; de di\u00e1metro interior (est\u00e1ndar) y 16,000 lb de explosi\u00f3n con giro de 90\u00b0 en un extremo y giro incorporado de 1\/4&#8243; NPT en el otro extremo, man\u00f3metro de 0-15,000 psi con protector, v\u00e1lvula de cierre de aire y adaptadores necesarios listos para usar.<\/p>\n","protected":false},"excerpt":{"rendered":"<p>Accionamiento neum\u00e1tico, presi\u00f3n de acumulaci\u00f3n de 12,000 PSI, barril de 40 libras<\/p>\n","protected":false},"featured_media":42088,"template":"","meta":[],"pwb-brand":[6484],"product_brand":[],"product_cat":[6500],"product_tag":[],"class_list":{"0":"post-42087","1":"product","2":"type-product","3":"status-publish","4":"has-post-thumbnail","6":"pwb-brand-climax-es","7":"product_cat-pistolas-de-engrase","8":"pa_power-type_en-neumatico","10":"first","11":"onbackorder","12":"featured","13":"taxable","14":"shipping-taxable","15":"product-type-simple"},"yoast_head":"<!-- This site is optimized with the Yoast SEO plugin v27.5 - https:\/\/yoast.com\/product\/yoast-seo-wordpress\/ -->\n<title>Climax Pistolas de lubricaci\u00f3n neum\u00e1tica 40-120MT - OIL724<\/title>\n<meta name=\"robots\" content=\"index, follow, max-snippet:-1, max-image-preview:large, max-video-preview:-1\" \/>\n<link rel=\"canonical\" href=\"https:\/\/www.oil724.com\/es\/producto\/climax-pneumatic-lubricant-guns-40-120mt\" \/>\n<meta property=\"og:locale\" content=\"es_ES\" \/>\n<meta property=\"og:type\" content=\"article\" \/>\n<meta property=\"og:title\" content=\"Climax Pistolas de lubricaci\u00f3n neum\u00e1tica 40-120MT - OIL724\" \/>\n<meta property=\"og:description\" content=\"Accionamiento neum\u00e1tico, presi\u00f3n de acumulaci\u00f3n de 12,000 PSI, barril de 40 libras\" \/>\n<meta property=\"og:url\" content=\"https:\/\/www.oil724.com\/es\/producto\/climax-pneumatic-lubricant-guns-40-120mt\" \/>\n<meta property=\"og:site_name\" content=\"OIL724\" \/>\n<meta property=\"article:modified_time\" content=\"2025-11-17T08:24:09+00:00\" \/>\n<meta property=\"og:image\" content=\"https:\/\/www.oil724.com\/wp-content\/uploads\/2024\/05\/Climax-40-120MT.jpg\" \/>\n\t<meta property=\"og:image:width\" content=\"580\" \/>\n\t<meta property=\"og:image:height\" content=\"588\" \/>\n\t<meta property=\"og:image:type\" content=\"image\/jpeg\" \/>\n<meta name=\"twitter:card\" content=\"summary_large_image\" \/>\n<meta name=\"twitter:label1\" content=\"Tiempo de lectura\" \/>\n\t<meta name=\"twitter:data1\" content=\"1 minuto\" \/>\n<script type=\"application\/ld+json\" class=\"yoast-schema-graph\">{\"@context\":\"https:\\\/\\\/schema.org\",\"@graph\":[{\"@type\":\"WebPage\",\"@id\":\"https:\\\/\\\/www.oil724.com\\\/es\\\/producto\\\/climax-pneumatic-lubricant-guns-40-120mt\",\"url\":\"https:\\\/\\\/www.oil724.com\\\/es\\\/producto\\\/climax-pneumatic-lubricant-guns-40-120mt\",\"name\":\"Climax Pistolas de lubricaci\u00f3n neum\u00e1tica 40-120MT - OIL724\",\"isPartOf\":{\"@id\":\"https:\\\/\\\/www.oil724.com\\\/es\\\/en#website\"},\"primaryImageOfPage\":{\"@id\":\"https:\\\/\\\/www.oil724.com\\\/es\\\/producto\\\/climax-pneumatic-lubricant-guns-40-120mt#primaryimage\"},\"image\":{\"@id\":\"https:\\\/\\\/www.oil724.com\\\/es\\\/producto\\\/climax-pneumatic-lubricant-guns-40-120mt#primaryimage\"},\"thumbnailUrl\":\"https:\\\/\\\/www.oil724.com\\\/wp-content\\\/uploads\\\/2024\\\/05\\\/Climax-40-120MT.jpg\",\"datePublished\":\"2024-05-06T07:45:26+00:00\",\"dateModified\":\"2025-11-17T08:24:09+00:00\",\"breadcrumb\":{\"@id\":\"https:\\\/\\\/www.oil724.com\\\/es\\\/producto\\\/climax-pneumatic-lubricant-guns-40-120mt#breadcrumb\"},\"inLanguage\":\"es\",\"potentialAction\":[{\"@type\":\"ReadAction\",\"target\":[\"https:\\\/\\\/www.oil724.com\\\/es\\\/producto\\\/climax-pneumatic-lubricant-guns-40-120mt\"]}]},{\"@type\":\"ImageObject\",\"inLanguage\":\"es\",\"@id\":\"https:\\\/\\\/www.oil724.com\\\/es\\\/producto\\\/climax-pneumatic-lubricant-guns-40-120mt#primaryimage\",\"url\":\"https:\\\/\\\/www.oil724.com\\\/wp-content\\\/uploads\\\/2024\\\/05\\\/Climax-40-120MT.jpg\",\"contentUrl\":\"https:\\\/\\\/www.oil724.com\\\/wp-content\\\/uploads\\\/2024\\\/05\\\/Climax-40-120MT.jpg\",\"width\":580,\"height\":588},{\"@type\":\"BreadcrumbList\",\"@id\":\"https:\\\/\\\/www.oil724.com\\\/es\\\/producto\\\/climax-pneumatic-lubricant-guns-40-120mt#breadcrumb\",\"itemListElement\":[{\"@type\":\"ListItem\",\"position\":1,\"name\":\"\u9996\u9875\",\"item\":\"https:\\\/\\\/www.oil724.com\\\/es\"},{\"@type\":\"ListItem\",\"position\":2,\"name\":\"Shop\",\"item\":\"https:\\\/\\\/www.oil724.com\\\/en\\\/shop\"},{\"@type\":\"ListItem\",\"position\":3,\"name\":\"Climax Pistolas de lubricaci\u00f3n neum\u00e1tica 40-120MT\"}]},{\"@type\":\"WebSite\",\"@id\":\"https:\\\/\\\/www.oil724.com\\\/es\\\/en#website\",\"url\":\"https:\\\/\\\/www.oil724.com\\\/es\\\/en\",\"name\":\"OIL724\",\"description\":\"\",\"publisher\":{\"@id\":\"https:\\\/\\\/www.oil724.com\\\/es\\\/en#organization\"},\"potentialAction\":[{\"@type\":\"SearchAction\",\"target\":{\"@type\":\"EntryPoint\",\"urlTemplate\":\"https:\\\/\\\/www.oil724.com\\\/es\\\/en?s={search_term_string}\"},\"query-input\":{\"@type\":\"PropertyValueSpecification\",\"valueRequired\":true,\"valueName\":\"search_term_string\"}}],\"inLanguage\":\"es\"},{\"@type\":\"Organization\",\"@id\":\"https:\\\/\\\/www.oil724.com\\\/es\\\/en#organization\",\"name\":\"OIL724\",\"url\":\"https:\\\/\\\/www.oil724.com\\\/es\\\/en\",\"logo\":{\"@type\":\"ImageObject\",\"inLanguage\":\"es\",\"@id\":\"https:\\\/\\\/www.oil724.com\\\/es\\\/en#\\\/schema\\\/logo\\\/image\\\/\",\"url\":\"https:\\\/\\\/www.oil724.com\\\/wp-content\\\/uploads\\\/2020\\\/02\\\/OIL724-LOGO-scaled-e1704177881986.jpg\",\"contentUrl\":\"https:\\\/\\\/www.oil724.com\\\/wp-content\\\/uploads\\\/2020\\\/02\\\/OIL724-LOGO-scaled-e1704177881986.jpg\",\"width\":780,\"height\":117,\"caption\":\"OIL724\"},\"image\":{\"@id\":\"https:\\\/\\\/www.oil724.com\\\/es\\\/en#\\\/schema\\\/logo\\\/image\\\/\"}}]}<\/script>\n<!-- \/ Yoast SEO plugin. -->","yoast_head_json":{"title":"Climax Pistolas de lubricaci\u00f3n neum\u00e1tica 40-120MT - OIL724","robots":{"index":"index","follow":"follow","max-snippet":"max-snippet:-1","max-image-preview":"max-image-preview:large","max-video-preview":"max-video-preview:-1"},"canonical":"https:\/\/www.oil724.com\/es\/producto\/climax-pneumatic-lubricant-guns-40-120mt","og_locale":"es_ES","og_type":"article","og_title":"Climax Pistolas de lubricaci\u00f3n neum\u00e1tica 40-120MT - OIL724","og_description":"Accionamiento neum\u00e1tico, presi\u00f3n de acumulaci\u00f3n de 12,000 PSI, barril de 40 libras","og_url":"https:\/\/www.oil724.com\/es\/producto\/climax-pneumatic-lubricant-guns-40-120mt","og_site_name":"OIL724","article_modified_time":"2025-11-17T08:24:09+00:00","og_image":[{"width":580,"height":588,"url":"https:\/\/www.oil724.com\/wp-content\/uploads\/2024\/05\/Climax-40-120MT.jpg","type":"image\/jpeg"}],"twitter_card":"summary_large_image","twitter_misc":{"Tiempo de lectura":"1 minuto"},"schema":{"@context":"https:\/\/schema.org","@graph":[{"@type":"WebPage","@id":"https:\/\/www.oil724.com\/es\/producto\/climax-pneumatic-lubricant-guns-40-120mt","url":"https:\/\/www.oil724.com\/es\/producto\/climax-pneumatic-lubricant-guns-40-120mt","name":"Climax Pistolas de lubricaci\u00f3n neum\u00e1tica 40-120MT - OIL724","isPartOf":{"@id":"https:\/\/www.oil724.com\/es\/en#website"},"primaryImageOfPage":{"@id":"https:\/\/www.oil724.com\/es\/producto\/climax-pneumatic-lubricant-guns-40-120mt#primaryimage"},"image":{"@id":"https:\/\/www.oil724.com\/es\/producto\/climax-pneumatic-lubricant-guns-40-120mt#primaryimage"},"thumbnailUrl":"https:\/\/www.oil724.com\/wp-content\/uploads\/2024\/05\/Climax-40-120MT.jpg","datePublished":"2024-05-06T07:45:26+00:00","dateModified":"2025-11-17T08:24:09+00:00","breadcrumb":{"@id":"https:\/\/www.oil724.com\/es\/producto\/climax-pneumatic-lubricant-guns-40-120mt#breadcrumb"},"inLanguage":"es","potentialAction":[{"@type":"ReadAction","target":["https:\/\/www.oil724.com\/es\/producto\/climax-pneumatic-lubricant-guns-40-120mt"]}]},{"@type":"ImageObject","inLanguage":"es","@id":"https:\/\/www.oil724.com\/es\/producto\/climax-pneumatic-lubricant-guns-40-120mt#primaryimage","url":"https:\/\/www.oil724.com\/wp-content\/uploads\/2024\/05\/Climax-40-120MT.jpg","contentUrl":"https:\/\/www.oil724.com\/wp-content\/uploads\/2024\/05\/Climax-40-120MT.jpg","width":580,"height":588},{"@type":"BreadcrumbList","@id":"https:\/\/www.oil724.com\/es\/producto\/climax-pneumatic-lubricant-guns-40-120mt#breadcrumb","itemListElement":[{"@type":"ListItem","position":1,"name":"\u9996\u9875","item":"https:\/\/www.oil724.com\/es"},{"@type":"ListItem","position":2,"name":"Shop","item":"https:\/\/www.oil724.com\/en\/shop"},{"@type":"ListItem","position":3,"name":"Climax Pistolas de lubricaci\u00f3n neum\u00e1tica 40-120MT"}]},{"@type":"WebSite","@id":"https:\/\/www.oil724.com\/es\/en#website","url":"https:\/\/www.oil724.com\/es\/en","name":"OIL724","description":"","publisher":{"@id":"https:\/\/www.oil724.com\/es\/en#organization"},"potentialAction":[{"@type":"SearchAction","target":{"@type":"EntryPoint","urlTemplate":"https:\/\/www.oil724.com\/es\/en?s={search_term_string}"},"query-input":{"@type":"PropertyValueSpecification","valueRequired":true,"valueName":"search_term_string"}}],"inLanguage":"es"},{"@type":"Organization","@id":"https:\/\/www.oil724.com\/es\/en#organization","name":"OIL724","url":"https:\/\/www.oil724.com\/es\/en","logo":{"@type":"ImageObject","inLanguage":"es","@id":"https:\/\/www.oil724.com\/es\/en#\/schema\/logo\/image\/","url":"https:\/\/www.oil724.com\/wp-content\/uploads\/2020\/02\/OIL724-LOGO-scaled-e1704177881986.jpg","contentUrl":"https:\/\/www.oil724.com\/wp-content\/uploads\/2020\/02\/OIL724-LOGO-scaled-e1704177881986.jpg","width":780,"height":117,"caption":"OIL724"},"image":{"@id":"https:\/\/www.oil724.com\/es\/en#\/schema\/logo\/image\/"}}]}},"brands":[{"id":6484,"name":"Cl\u00edmax","slug":"climax-es"}],"_links":{"self":[{"href":"https:\/\/www.oil724.com\/es\/wp-json\/wp\/v2\/product\/42087","targetHints":{"allow":["GET"]}}],"collection":[{"href":"https:\/\/www.oil724.com\/es\/wp-json\/wp\/v2\/product"}],"about":[{"href":"https:\/\/www.oil724.com\/es\/wp-json\/wp\/v2\/types\/product"}],"wp:featuredmedia":[{"embeddable":true,"href":"https:\/\/www.oil724.com\/es\/wp-json\/wp\/v2\/media\/42088"}],"wp:attachment":[{"href":"https:\/\/www.oil724.com\/es\/wp-json\/wp\/v2\/media?parent=42087"}],"wp:term":[{"taxonomy":"pwb-brand","embeddable":true,"href":"https:\/\/www.oil724.com\/es\/wp-json\/wp\/v2\/pwb-brand?post=42087"},{"taxonomy":"product_brand","embeddable":true,"href":"https:\/\/www.oil724.com\/es\/wp-json\/wp\/v2\/product_brand?post=42087"},{"taxonomy":"product_cat","embeddable":true,"href":"https:\/\/www.oil724.com\/es\/wp-json\/wp\/v2\/product_cat?post=42087"},{"taxonomy":"product_tag","embeddable":true,"href":"https:\/\/www.oil724.com\/es\/wp-json\/wp\/v2\/product_tag?post=42087"}],"curies":[{"name":"wp","href":"https:\/\/api.w.org\/{rel}","templated":true}]}}