{"id":42059,"date":"2019-07-11T09:51:07","date_gmt":"2019-07-10T20:06:07","guid":{"rendered":"https:\/\/www.oil724.com\/product\/pistolas-de-engrase-climax-10516"},"modified":"2025-11-17T21:54:51","modified_gmt":"2025-11-17T08:09:51","slug":"climax-grease-guns-10516","status":"publish","type":"product","link":"https:\/\/www.oil724.com\/es\/producto\/climax-grease-guns-10516","title":{"rendered":"Climax Pistolas de engrase 10516"},"content":{"rendered":"<p>Las caracter\u00edsticas incluyen:<\/p>\n<ul>\n<li>Lubricaci\u00f3n eficiente y controlada de la v\u00e1lvula de tap\u00f3n<\/li>\n<li>Maneja el lubricante\/sellador de v\u00e1lvula de tap\u00f3n m\u00e1s pesado<\/li>\n<li>Aumenta la presi\u00f3n hasta 10,000 lbs. m\u00e1s<\/li>\n<li>Barril de aluminio fuerte y duradero, cabeza y collar de acero fundido<\/li>\n<li>Pist\u00f3n de alta presi\u00f3n de acero lapeado m\u00e1s fino<\/li>\n<li>Imprimaci\u00f3n positiva, conjunto de \u00e9mbolo tipo tornillo<\/li>\n<li>Proporciona 20 o m\u00e1s golpes sin volver a imprimar<\/li>\n<li>Utiliza un palo de tama\u00f1o &#8220;K&#8221; (1 1\/2&#8243; de di\u00e1metro x 12&#8243; de largo)<\/li>\n<li>Acoplador de Bot\u00f3n Gigante con Liberaci\u00f3n de Presi\u00f3n<\/li>\n<li>Conjunto de manguera (1\/4&#8243; de di\u00e1metro interno x 12&#8243; de largo Manguera de grasa HP con giratorios incorporados o disponible con 1\/2&#8243;-27 THD Giro recto en un extremo<\/li>\n<\/ul>\n","protected":false},"excerpt":{"rendered":"<p>Operaci\u00f3n manual, 10,000 PSI aumenta la presi\u00f3n, varilla de tama\u00f1o &#8220;K&#8221; (1 1\/2&#8243; de di\u00e1metro x 12&#8243; de largo)<\/p>\n","protected":false},"featured_media":42061,"template":"","meta":[],"pwb-brand":[6484],"product_brand":[],"product_cat":[6500],"product_tag":[],"class_list":{"0":"post-42059","1":"product","2":"type-product","3":"status-publish","4":"has-post-thumbnail","6":"pwb-brand-climax-es","7":"product_cat-pistolas-de-engrase","8":"pa_barrel-material_en-aluminum-es","9":"pa_power-type_en-tornillo-de-mano-prime","11":"first","12":"instock","13":"featured","14":"purchasable","15":"product-type-simple"},"yoast_head":"<!-- This site is optimized with the Yoast SEO plugin v27.5 - https:\/\/yoast.com\/product\/yoast-seo-wordpress\/ -->\n<title>Climax Pistolas de engrase 10516 - OIL724<\/title>\n<meta name=\"robots\" content=\"index, follow, max-snippet:-1, max-image-preview:large, max-video-preview:-1\" \/>\n<link rel=\"canonical\" href=\"https:\/\/www.oil724.com\/es\/producto\/climax-grease-guns-10516\" \/>\n<meta property=\"og:locale\" content=\"es_ES\" \/>\n<meta property=\"og:type\" content=\"article\" \/>\n<meta property=\"og:title\" content=\"Climax Pistolas de engrase 10516 - OIL724\" \/>\n<meta property=\"og:description\" content=\"Operaci\u00f3n manual, 10,000 PSI aumenta la presi\u00f3n, varilla de tama\u00f1o &quot;K&quot; (1 1\/2&quot; de di\u00e1metro x 12&quot; de largo)\" \/>\n<meta property=\"og:url\" content=\"https:\/\/www.oil724.com\/es\/producto\/climax-grease-guns-10516\" \/>\n<meta property=\"og:site_name\" content=\"OIL724\" \/>\n<meta property=\"article:modified_time\" content=\"2025-11-17T08:09:51+00:00\" \/>\n<meta property=\"og:image\" content=\"https:\/\/www.oil724.com\/wp-content\/uploads\/2019\/07\/Climax-10516.jpg\" \/>\n\t<meta property=\"og:image:width\" content=\"1084\" \/>\n\t<meta property=\"og:image:height\" content=\"813\" \/>\n\t<meta property=\"og:image:type\" content=\"image\/jpeg\" \/>\n<meta name=\"twitter:card\" content=\"summary_large_image\" \/>\n<meta name=\"twitter:label1\" content=\"Tiempo de lectura\" \/>\n\t<meta name=\"twitter:data1\" content=\"1 minuto\" \/>\n<script type=\"application\/ld+json\" class=\"yoast-schema-graph\">{\"@context\":\"https:\\\/\\\/schema.org\",\"@graph\":[{\"@type\":\"WebPage\",\"@id\":\"https:\\\/\\\/www.oil724.com\\\/es\\\/producto\\\/climax-grease-guns-10516\",\"url\":\"https:\\\/\\\/www.oil724.com\\\/es\\\/producto\\\/climax-grease-guns-10516\",\"name\":\"Climax Pistolas de engrase 10516 - OIL724\",\"isPartOf\":{\"@id\":\"https:\\\/\\\/www.oil724.com\\\/es\\\/en#website\"},\"primaryImageOfPage\":{\"@id\":\"https:\\\/\\\/www.oil724.com\\\/es\\\/producto\\\/climax-grease-guns-10516#primaryimage\"},\"image\":{\"@id\":\"https:\\\/\\\/www.oil724.com\\\/es\\\/producto\\\/climax-grease-guns-10516#primaryimage\"},\"thumbnailUrl\":\"https:\\\/\\\/www.oil724.com\\\/wp-content\\\/uploads\\\/2019\\\/07\\\/Climax-10516.jpg\",\"datePublished\":\"2019-07-10T20:06:07+00:00\",\"dateModified\":\"2025-11-17T08:09:51+00:00\",\"breadcrumb\":{\"@id\":\"https:\\\/\\\/www.oil724.com\\\/es\\\/producto\\\/climax-grease-guns-10516#breadcrumb\"},\"inLanguage\":\"es\",\"potentialAction\":[{\"@type\":\"ReadAction\",\"target\":[\"https:\\\/\\\/www.oil724.com\\\/es\\\/producto\\\/climax-grease-guns-10516\"]}]},{\"@type\":\"ImageObject\",\"inLanguage\":\"es\",\"@id\":\"https:\\\/\\\/www.oil724.com\\\/es\\\/producto\\\/climax-grease-guns-10516#primaryimage\",\"url\":\"https:\\\/\\\/www.oil724.com\\\/wp-content\\\/uploads\\\/2019\\\/07\\\/Climax-10516.jpg\",\"contentUrl\":\"https:\\\/\\\/www.oil724.com\\\/wp-content\\\/uploads\\\/2019\\\/07\\\/Climax-10516.jpg\",\"width\":1084,\"height\":813},{\"@type\":\"BreadcrumbList\",\"@id\":\"https:\\\/\\\/www.oil724.com\\\/es\\\/producto\\\/climax-grease-guns-10516#breadcrumb\",\"itemListElement\":[{\"@type\":\"ListItem\",\"position\":1,\"name\":\"\u9996\u9875\",\"item\":\"https:\\\/\\\/www.oil724.com\\\/es\"},{\"@type\":\"ListItem\",\"position\":2,\"name\":\"Shop\",\"item\":\"https:\\\/\\\/www.oil724.com\\\/en\\\/shop\"},{\"@type\":\"ListItem\",\"position\":3,\"name\":\"Climax Pistolas de engrase 10516\"}]},{\"@type\":\"WebSite\",\"@id\":\"https:\\\/\\\/www.oil724.com\\\/es\\\/en#website\",\"url\":\"https:\\\/\\\/www.oil724.com\\\/es\\\/en\",\"name\":\"OIL724\",\"description\":\"\",\"publisher\":{\"@id\":\"https:\\\/\\\/www.oil724.com\\\/es\\\/en#organization\"},\"potentialAction\":[{\"@type\":\"SearchAction\",\"target\":{\"@type\":\"EntryPoint\",\"urlTemplate\":\"https:\\\/\\\/www.oil724.com\\\/es\\\/en?s={search_term_string}\"},\"query-input\":{\"@type\":\"PropertyValueSpecification\",\"valueRequired\":true,\"valueName\":\"search_term_string\"}}],\"inLanguage\":\"es\"},{\"@type\":\"Organization\",\"@id\":\"https:\\\/\\\/www.oil724.com\\\/es\\\/en#organization\",\"name\":\"OIL724\",\"url\":\"https:\\\/\\\/www.oil724.com\\\/es\\\/en\",\"logo\":{\"@type\":\"ImageObject\",\"inLanguage\":\"es\",\"@id\":\"https:\\\/\\\/www.oil724.com\\\/es\\\/en#\\\/schema\\\/logo\\\/image\\\/\",\"url\":\"https:\\\/\\\/www.oil724.com\\\/wp-content\\\/uploads\\\/2020\\\/02\\\/OIL724-LOGO-scaled-e1704177881986.jpg\",\"contentUrl\":\"https:\\\/\\\/www.oil724.com\\\/wp-content\\\/uploads\\\/2020\\\/02\\\/OIL724-LOGO-scaled-e1704177881986.jpg\",\"width\":780,\"height\":117,\"caption\":\"OIL724\"},\"image\":{\"@id\":\"https:\\\/\\\/www.oil724.com\\\/es\\\/en#\\\/schema\\\/logo\\\/image\\\/\"}}]}<\/script>\n<!-- \/ Yoast SEO plugin. -->","yoast_head_json":{"title":"Climax Pistolas de engrase 10516 - OIL724","robots":{"index":"index","follow":"follow","max-snippet":"max-snippet:-1","max-image-preview":"max-image-preview:large","max-video-preview":"max-video-preview:-1"},"canonical":"https:\/\/www.oil724.com\/es\/producto\/climax-grease-guns-10516","og_locale":"es_ES","og_type":"article","og_title":"Climax Pistolas de engrase 10516 - OIL724","og_description":"Operaci\u00f3n manual, 10,000 PSI aumenta la presi\u00f3n, varilla de tama\u00f1o \"K\" (1 1\/2\" de di\u00e1metro x 12\" de largo)","og_url":"https:\/\/www.oil724.com\/es\/producto\/climax-grease-guns-10516","og_site_name":"OIL724","article_modified_time":"2025-11-17T08:09:51+00:00","og_image":[{"width":1084,"height":813,"url":"https:\/\/www.oil724.com\/wp-content\/uploads\/2019\/07\/Climax-10516.jpg","type":"image\/jpeg"}],"twitter_card":"summary_large_image","twitter_misc":{"Tiempo de lectura":"1 minuto"},"schema":{"@context":"https:\/\/schema.org","@graph":[{"@type":"WebPage","@id":"https:\/\/www.oil724.com\/es\/producto\/climax-grease-guns-10516","url":"https:\/\/www.oil724.com\/es\/producto\/climax-grease-guns-10516","name":"Climax Pistolas de engrase 10516 - OIL724","isPartOf":{"@id":"https:\/\/www.oil724.com\/es\/en#website"},"primaryImageOfPage":{"@id":"https:\/\/www.oil724.com\/es\/producto\/climax-grease-guns-10516#primaryimage"},"image":{"@id":"https:\/\/www.oil724.com\/es\/producto\/climax-grease-guns-10516#primaryimage"},"thumbnailUrl":"https:\/\/www.oil724.com\/wp-content\/uploads\/2019\/07\/Climax-10516.jpg","datePublished":"2019-07-10T20:06:07+00:00","dateModified":"2025-11-17T08:09:51+00:00","breadcrumb":{"@id":"https:\/\/www.oil724.com\/es\/producto\/climax-grease-guns-10516#breadcrumb"},"inLanguage":"es","potentialAction":[{"@type":"ReadAction","target":["https:\/\/www.oil724.com\/es\/producto\/climax-grease-guns-10516"]}]},{"@type":"ImageObject","inLanguage":"es","@id":"https:\/\/www.oil724.com\/es\/producto\/climax-grease-guns-10516#primaryimage","url":"https:\/\/www.oil724.com\/wp-content\/uploads\/2019\/07\/Climax-10516.jpg","contentUrl":"https:\/\/www.oil724.com\/wp-content\/uploads\/2019\/07\/Climax-10516.jpg","width":1084,"height":813},{"@type":"BreadcrumbList","@id":"https:\/\/www.oil724.com\/es\/producto\/climax-grease-guns-10516#breadcrumb","itemListElement":[{"@type":"ListItem","position":1,"name":"\u9996\u9875","item":"https:\/\/www.oil724.com\/es"},{"@type":"ListItem","position":2,"name":"Shop","item":"https:\/\/www.oil724.com\/en\/shop"},{"@type":"ListItem","position":3,"name":"Climax Pistolas de engrase 10516"}]},{"@type":"WebSite","@id":"https:\/\/www.oil724.com\/es\/en#website","url":"https:\/\/www.oil724.com\/es\/en","name":"OIL724","description":"","publisher":{"@id":"https:\/\/www.oil724.com\/es\/en#organization"},"potentialAction":[{"@type":"SearchAction","target":{"@type":"EntryPoint","urlTemplate":"https:\/\/www.oil724.com\/es\/en?s={search_term_string}"},"query-input":{"@type":"PropertyValueSpecification","valueRequired":true,"valueName":"search_term_string"}}],"inLanguage":"es"},{"@type":"Organization","@id":"https:\/\/www.oil724.com\/es\/en#organization","name":"OIL724","url":"https:\/\/www.oil724.com\/es\/en","logo":{"@type":"ImageObject","inLanguage":"es","@id":"https:\/\/www.oil724.com\/es\/en#\/schema\/logo\/image\/","url":"https:\/\/www.oil724.com\/wp-content\/uploads\/2020\/02\/OIL724-LOGO-scaled-e1704177881986.jpg","contentUrl":"https:\/\/www.oil724.com\/wp-content\/uploads\/2020\/02\/OIL724-LOGO-scaled-e1704177881986.jpg","width":780,"height":117,"caption":"OIL724"},"image":{"@id":"https:\/\/www.oil724.com\/es\/en#\/schema\/logo\/image\/"}}]}},"brands":[{"id":6484,"name":"Cl\u00edmax","slug":"climax-es"}],"_links":{"self":[{"href":"https:\/\/www.oil724.com\/es\/wp-json\/wp\/v2\/product\/42059","targetHints":{"allow":["GET"]}}],"collection":[{"href":"https:\/\/www.oil724.com\/es\/wp-json\/wp\/v2\/product"}],"about":[{"href":"https:\/\/www.oil724.com\/es\/wp-json\/wp\/v2\/types\/product"}],"wp:featuredmedia":[{"embeddable":true,"href":"https:\/\/www.oil724.com\/es\/wp-json\/wp\/v2\/media\/42061"}],"wp:attachment":[{"href":"https:\/\/www.oil724.com\/es\/wp-json\/wp\/v2\/media?parent=42059"}],"wp:term":[{"taxonomy":"pwb-brand","embeddable":true,"href":"https:\/\/www.oil724.com\/es\/wp-json\/wp\/v2\/pwb-brand?post=42059"},{"taxonomy":"product_brand","embeddable":true,"href":"https:\/\/www.oil724.com\/es\/wp-json\/wp\/v2\/product_brand?post=42059"},{"taxonomy":"product_cat","embeddable":true,"href":"https:\/\/www.oil724.com\/es\/wp-json\/wp\/v2\/product_cat?post=42059"},{"taxonomy":"product_tag","embeddable":true,"href":"https:\/\/www.oil724.com\/es\/wp-json\/wp\/v2\/product_tag?post=42059"}],"curies":[{"name":"wp","href":"https:\/\/api.w.org\/{rel}","templated":true}]}}