{"id":42013,"date":"2024-05-16T16:15:46","date_gmt":"2024-05-16T02:30:46","guid":{"rendered":"https:\/\/www.oil724.com\/product\/embalaje-de-tuberia-de-lavado-utex-sw-0089"},"modified":"2025-11-17T22:05:01","modified_gmt":"2025-11-17T08:20:01","slug":"utex-washpipe-packing-sw-0089","status":"publish","type":"product","link":"https:\/\/www.oil724.com\/es\/producto\/utex-washpipe-packing-sw-0089","title":{"rendered":"UTEX Embalaje de tuber\u00eda de lavado SW-0089"},"content":{"rendered":"<p>UTEX Style 0738 es el empaque de tuber\u00eda de lavado de servicio supremo de UTEX compuesto por un elast\u00f3mero de nitrilo de alta temperatura y una tela de aramida con lubricantes internos patentados. El estilo 0738 est\u00e1 laminado en una configuraci\u00f3n horizontal con un hombro de nitrilo homog\u00e9neo especial adherido al tal\u00f3n del empaque. Las superficies de identificaci\u00f3n est\u00e1n recubiertas con lubricante patentado de color dorado para reducir la fricci\u00f3n de arranque.<\/p>\n<p>UTEX Style 0738 es resistente a l\u00edquidos y gases de hidrocarburos. Se utiliza ampliamente como empaque de tuber\u00eda de lavado en la perforaci\u00f3n de yacimientos petrol\u00edferos.<\/p>\n","protected":false},"excerpt":{"rendered":"<p>Embalaje de tuber\u00eda de lavado de 3 5\/8&#8243; x 5&#8243;, estilo 0738<\/p>\n","protected":false},"featured_media":42016,"template":"","meta":[],"pwb-brand":[6448],"product_brand":[],"product_cat":[6451,6452],"product_tag":[],"class_list":{"0":"post-42013","1":"product","2":"type-product","3":"status-publish","4":"has-post-thumbnail","6":"pwb-brand-utex-es","7":"product_cat-accesorios-para-bombas-de-lodo","8":"product_cat-equipos-de-perforacion","10":"first","11":"onbackorder","12":"featured","13":"taxable","14":"shipping-taxable","15":"product-type-simple"},"yoast_head":"<!-- This site is optimized with the Yoast SEO plugin v27.5 - https:\/\/yoast.com\/product\/yoast-seo-wordpress\/ -->\n<title>UTEX Embalaje de tuber\u00eda de lavado SW-0089 - OIL724<\/title>\n<meta name=\"robots\" content=\"index, follow, max-snippet:-1, max-image-preview:large, max-video-preview:-1\" \/>\n<link rel=\"canonical\" href=\"https:\/\/www.oil724.com\/es\/producto\/utex-washpipe-packing-sw-0089\" \/>\n<meta property=\"og:locale\" content=\"es_ES\" \/>\n<meta property=\"og:type\" content=\"article\" \/>\n<meta property=\"og:title\" content=\"UTEX Embalaje de tuber\u00eda de lavado SW-0089 - OIL724\" \/>\n<meta property=\"og:description\" content=\"Embalaje de tuber\u00eda de lavado de 3 5\/8&quot; x 5&quot;, estilo 0738\" \/>\n<meta property=\"og:url\" content=\"https:\/\/www.oil724.com\/es\/producto\/utex-washpipe-packing-sw-0089\" \/>\n<meta property=\"og:site_name\" content=\"OIL724\" \/>\n<meta property=\"article:modified_time\" content=\"2025-11-17T08:20:01+00:00\" \/>\n<meta property=\"og:image\" content=\"https:\/\/www.oil724.com\/wp-content\/uploads\/2024\/05\/SW-0089.png\" \/>\n\t<meta property=\"og:image:width\" content=\"792\" \/>\n\t<meta property=\"og:image:height\" content=\"792\" \/>\n\t<meta property=\"og:image:type\" content=\"image\/png\" \/>\n<meta name=\"twitter:card\" content=\"summary_large_image\" \/>\n<meta name=\"twitter:label1\" content=\"Tiempo de lectura\" \/>\n\t<meta name=\"twitter:data1\" content=\"1 minuto\" \/>\n<script type=\"application\/ld+json\" class=\"yoast-schema-graph\">{\"@context\":\"https:\\\/\\\/schema.org\",\"@graph\":[{\"@type\":\"WebPage\",\"@id\":\"https:\\\/\\\/www.oil724.com\\\/es\\\/producto\\\/utex-washpipe-packing-sw-0089\",\"url\":\"https:\\\/\\\/www.oil724.com\\\/es\\\/producto\\\/utex-washpipe-packing-sw-0089\",\"name\":\"UTEX Embalaje de tuber\u00eda de lavado SW-0089 - OIL724\",\"isPartOf\":{\"@id\":\"https:\\\/\\\/www.oil724.com\\\/es\\\/en#website\"},\"primaryImageOfPage\":{\"@id\":\"https:\\\/\\\/www.oil724.com\\\/es\\\/producto\\\/utex-washpipe-packing-sw-0089#primaryimage\"},\"image\":{\"@id\":\"https:\\\/\\\/www.oil724.com\\\/es\\\/producto\\\/utex-washpipe-packing-sw-0089#primaryimage\"},\"thumbnailUrl\":\"https:\\\/\\\/www.oil724.com\\\/wp-content\\\/uploads\\\/2024\\\/05\\\/SW-0089.png\",\"datePublished\":\"2024-05-16T02:30:46+00:00\",\"dateModified\":\"2025-11-17T08:20:01+00:00\",\"breadcrumb\":{\"@id\":\"https:\\\/\\\/www.oil724.com\\\/es\\\/producto\\\/utex-washpipe-packing-sw-0089#breadcrumb\"},\"inLanguage\":\"es\",\"potentialAction\":[{\"@type\":\"ReadAction\",\"target\":[\"https:\\\/\\\/www.oil724.com\\\/es\\\/producto\\\/utex-washpipe-packing-sw-0089\"]}]},{\"@type\":\"ImageObject\",\"inLanguage\":\"es\",\"@id\":\"https:\\\/\\\/www.oil724.com\\\/es\\\/producto\\\/utex-washpipe-packing-sw-0089#primaryimage\",\"url\":\"https:\\\/\\\/www.oil724.com\\\/wp-content\\\/uploads\\\/2024\\\/05\\\/SW-0089.png\",\"contentUrl\":\"https:\\\/\\\/www.oil724.com\\\/wp-content\\\/uploads\\\/2024\\\/05\\\/SW-0089.png\",\"width\":792,\"height\":792},{\"@type\":\"BreadcrumbList\",\"@id\":\"https:\\\/\\\/www.oil724.com\\\/es\\\/producto\\\/utex-washpipe-packing-sw-0089#breadcrumb\",\"itemListElement\":[{\"@type\":\"ListItem\",\"position\":1,\"name\":\"\u9996\u9875\",\"item\":\"https:\\\/\\\/www.oil724.com\\\/es\"},{\"@type\":\"ListItem\",\"position\":2,\"name\":\"Shop\",\"item\":\"https:\\\/\\\/www.oil724.com\\\/en\\\/shop\"},{\"@type\":\"ListItem\",\"position\":3,\"name\":\"UTEX Embalaje de tuber\u00eda de lavado SW-0089\"}]},{\"@type\":\"WebSite\",\"@id\":\"https:\\\/\\\/www.oil724.com\\\/es\\\/en#website\",\"url\":\"https:\\\/\\\/www.oil724.com\\\/es\\\/en\",\"name\":\"OIL724\",\"description\":\"\",\"publisher\":{\"@id\":\"https:\\\/\\\/www.oil724.com\\\/es\\\/en#organization\"},\"potentialAction\":[{\"@type\":\"SearchAction\",\"target\":{\"@type\":\"EntryPoint\",\"urlTemplate\":\"https:\\\/\\\/www.oil724.com\\\/es\\\/en?s={search_term_string}\"},\"query-input\":{\"@type\":\"PropertyValueSpecification\",\"valueRequired\":true,\"valueName\":\"search_term_string\"}}],\"inLanguage\":\"es\"},{\"@type\":\"Organization\",\"@id\":\"https:\\\/\\\/www.oil724.com\\\/es\\\/en#organization\",\"name\":\"OIL724\",\"url\":\"https:\\\/\\\/www.oil724.com\\\/es\\\/en\",\"logo\":{\"@type\":\"ImageObject\",\"inLanguage\":\"es\",\"@id\":\"https:\\\/\\\/www.oil724.com\\\/es\\\/en#\\\/schema\\\/logo\\\/image\\\/\",\"url\":\"https:\\\/\\\/www.oil724.com\\\/wp-content\\\/uploads\\\/2020\\\/02\\\/OIL724-LOGO-scaled-e1704177881986.jpg\",\"contentUrl\":\"https:\\\/\\\/www.oil724.com\\\/wp-content\\\/uploads\\\/2020\\\/02\\\/OIL724-LOGO-scaled-e1704177881986.jpg\",\"width\":780,\"height\":117,\"caption\":\"OIL724\"},\"image\":{\"@id\":\"https:\\\/\\\/www.oil724.com\\\/es\\\/en#\\\/schema\\\/logo\\\/image\\\/\"}}]}<\/script>\n<!-- \/ Yoast SEO plugin. -->","yoast_head_json":{"title":"UTEX Embalaje de tuber\u00eda de lavado SW-0089 - OIL724","robots":{"index":"index","follow":"follow","max-snippet":"max-snippet:-1","max-image-preview":"max-image-preview:large","max-video-preview":"max-video-preview:-1"},"canonical":"https:\/\/www.oil724.com\/es\/producto\/utex-washpipe-packing-sw-0089","og_locale":"es_ES","og_type":"article","og_title":"UTEX Embalaje de tuber\u00eda de lavado SW-0089 - OIL724","og_description":"Embalaje de tuber\u00eda de lavado de 3 5\/8\" x 5\", estilo 0738","og_url":"https:\/\/www.oil724.com\/es\/producto\/utex-washpipe-packing-sw-0089","og_site_name":"OIL724","article_modified_time":"2025-11-17T08:20:01+00:00","og_image":[{"width":792,"height":792,"url":"https:\/\/www.oil724.com\/wp-content\/uploads\/2024\/05\/SW-0089.png","type":"image\/png"}],"twitter_card":"summary_large_image","twitter_misc":{"Tiempo de lectura":"1 minuto"},"schema":{"@context":"https:\/\/schema.org","@graph":[{"@type":"WebPage","@id":"https:\/\/www.oil724.com\/es\/producto\/utex-washpipe-packing-sw-0089","url":"https:\/\/www.oil724.com\/es\/producto\/utex-washpipe-packing-sw-0089","name":"UTEX Embalaje de tuber\u00eda de lavado SW-0089 - OIL724","isPartOf":{"@id":"https:\/\/www.oil724.com\/es\/en#website"},"primaryImageOfPage":{"@id":"https:\/\/www.oil724.com\/es\/producto\/utex-washpipe-packing-sw-0089#primaryimage"},"image":{"@id":"https:\/\/www.oil724.com\/es\/producto\/utex-washpipe-packing-sw-0089#primaryimage"},"thumbnailUrl":"https:\/\/www.oil724.com\/wp-content\/uploads\/2024\/05\/SW-0089.png","datePublished":"2024-05-16T02:30:46+00:00","dateModified":"2025-11-17T08:20:01+00:00","breadcrumb":{"@id":"https:\/\/www.oil724.com\/es\/producto\/utex-washpipe-packing-sw-0089#breadcrumb"},"inLanguage":"es","potentialAction":[{"@type":"ReadAction","target":["https:\/\/www.oil724.com\/es\/producto\/utex-washpipe-packing-sw-0089"]}]},{"@type":"ImageObject","inLanguage":"es","@id":"https:\/\/www.oil724.com\/es\/producto\/utex-washpipe-packing-sw-0089#primaryimage","url":"https:\/\/www.oil724.com\/wp-content\/uploads\/2024\/05\/SW-0089.png","contentUrl":"https:\/\/www.oil724.com\/wp-content\/uploads\/2024\/05\/SW-0089.png","width":792,"height":792},{"@type":"BreadcrumbList","@id":"https:\/\/www.oil724.com\/es\/producto\/utex-washpipe-packing-sw-0089#breadcrumb","itemListElement":[{"@type":"ListItem","position":1,"name":"\u9996\u9875","item":"https:\/\/www.oil724.com\/es"},{"@type":"ListItem","position":2,"name":"Shop","item":"https:\/\/www.oil724.com\/en\/shop"},{"@type":"ListItem","position":3,"name":"UTEX Embalaje de tuber\u00eda de lavado SW-0089"}]},{"@type":"WebSite","@id":"https:\/\/www.oil724.com\/es\/en#website","url":"https:\/\/www.oil724.com\/es\/en","name":"OIL724","description":"","publisher":{"@id":"https:\/\/www.oil724.com\/es\/en#organization"},"potentialAction":[{"@type":"SearchAction","target":{"@type":"EntryPoint","urlTemplate":"https:\/\/www.oil724.com\/es\/en?s={search_term_string}"},"query-input":{"@type":"PropertyValueSpecification","valueRequired":true,"valueName":"search_term_string"}}],"inLanguage":"es"},{"@type":"Organization","@id":"https:\/\/www.oil724.com\/es\/en#organization","name":"OIL724","url":"https:\/\/www.oil724.com\/es\/en","logo":{"@type":"ImageObject","inLanguage":"es","@id":"https:\/\/www.oil724.com\/es\/en#\/schema\/logo\/image\/","url":"https:\/\/www.oil724.com\/wp-content\/uploads\/2020\/02\/OIL724-LOGO-scaled-e1704177881986.jpg","contentUrl":"https:\/\/www.oil724.com\/wp-content\/uploads\/2020\/02\/OIL724-LOGO-scaled-e1704177881986.jpg","width":780,"height":117,"caption":"OIL724"},"image":{"@id":"https:\/\/www.oil724.com\/es\/en#\/schema\/logo\/image\/"}}]}},"brands":[{"id":6448,"name":"UTEX","slug":"utex-es"}],"_links":{"self":[{"href":"https:\/\/www.oil724.com\/es\/wp-json\/wp\/v2\/product\/42013","targetHints":{"allow":["GET"]}}],"collection":[{"href":"https:\/\/www.oil724.com\/es\/wp-json\/wp\/v2\/product"}],"about":[{"href":"https:\/\/www.oil724.com\/es\/wp-json\/wp\/v2\/types\/product"}],"wp:featuredmedia":[{"embeddable":true,"href":"https:\/\/www.oil724.com\/es\/wp-json\/wp\/v2\/media\/42016"}],"wp:attachment":[{"href":"https:\/\/www.oil724.com\/es\/wp-json\/wp\/v2\/media?parent=42013"}],"wp:term":[{"taxonomy":"pwb-brand","embeddable":true,"href":"https:\/\/www.oil724.com\/es\/wp-json\/wp\/v2\/pwb-brand?post=42013"},{"taxonomy":"product_brand","embeddable":true,"href":"https:\/\/www.oil724.com\/es\/wp-json\/wp\/v2\/product_brand?post=42013"},{"taxonomy":"product_cat","embeddable":true,"href":"https:\/\/www.oil724.com\/es\/wp-json\/wp\/v2\/product_cat?post=42013"},{"taxonomy":"product_tag","embeddable":true,"href":"https:\/\/www.oil724.com\/es\/wp-json\/wp\/v2\/product_tag?post=42013"}],"curies":[{"name":"wp","href":"https:\/\/api.w.org\/{rel}","templated":true}]}}