{"id":41997,"date":"2025-03-27T16:19:42","date_gmt":"2025-03-27T02:34:42","guid":{"rendered":"https:\/\/www.oil724.com\/product\/edd-medidor-de-flujo-de-turbina-ranurada-5-6000-2"},"modified":"2025-11-17T17:08:00","modified_gmt":"2025-11-17T03:23:00","slug":"edd-grooved-turbine-flow-meter-5-6000-2","status":"publish","type":"product","link":"https:\/\/www.oil724.com\/es\/producto\/edd-grooved-turbine-flow-meter-5-6000-2","title":{"rendered":"EDD Medidor de flujo de turbina ranurada 5.6000-2"},"content":{"rendered":"<p>Electronic Data Devices fabrica una l\u00ednea completa de medidores de flujo de turbina que est\u00e1n disponibles con rangos de 0.3 GPM a 5500 GPM que cubren una amplia gama de aplicaciones de medici\u00f3n. Los medidores de flujo de turbina EDD se fabrican con los m\u00e1s altos est\u00e1ndares de calidad y est\u00e1n disponibles con una amplia gama de conexiones finales compatibles con muchas aplicaciones. Algunas de las aplicaciones t\u00edpicas incluyen: inundaci\u00f3n de agua en campos petrol\u00edferos, producci\u00f3n, servicio de pozos, tuber\u00edas, miner\u00eda, productos qu\u00edmicos, industria de alimentos y bebidas, y la mayor\u00eda de las otras aplicaciones de l\u00edquidos.<\/p>\n","protected":false},"excerpt":{"rendered":"<p>Medidor de flujo de turbina de 6&#8243; x 6&#8243; con sellos finales victaulic<\/p>\n","protected":false},"featured_media":41998,"template":"","meta":[],"pwb-brand":[6406],"product_brand":[],"product_cat":[6408],"product_tag":[],"class_list":{"0":"post-41997","1":"product","2":"type-product","3":"status-publish","4":"has-post-thumbnail","6":"pwb-brand-edd-es","7":"product_cat-medidor-de-flujo","9":"first","10":"onbackorder","11":"featured","12":"taxable","13":"shipping-taxable","14":"purchasable","15":"product-type-simple"},"yoast_head":"<!-- This site is optimized with the Yoast SEO plugin v27.4 - https:\/\/yoast.com\/product\/yoast-seo-wordpress\/ -->\n<title>EDD Medidor de flujo de turbina ranurada 5.6000-2 - OIL724<\/title>\n<meta name=\"robots\" content=\"index, follow, max-snippet:-1, max-image-preview:large, max-video-preview:-1\" \/>\n<link rel=\"canonical\" href=\"https:\/\/www.oil724.com\/es\/producto\/edd-grooved-turbine-flow-meter-5-6000-2\" \/>\n<meta property=\"og:locale\" content=\"es_ES\" \/>\n<meta property=\"og:type\" content=\"article\" \/>\n<meta property=\"og:title\" content=\"EDD Medidor de flujo de turbina ranurada 5.6000-2 - OIL724\" \/>\n<meta property=\"og:description\" content=\"Medidor de flujo de turbina de 6&quot; x 6&quot; con sellos finales victaulic\" \/>\n<meta property=\"og:url\" content=\"https:\/\/www.oil724.com\/es\/producto\/edd-grooved-turbine-flow-meter-5-6000-2\" \/>\n<meta property=\"og:site_name\" content=\"OIL724\" \/>\n<meta property=\"article:modified_time\" content=\"2025-11-17T03:23:00+00:00\" \/>\n<meta property=\"og:image\" content=\"https:\/\/www.oil724.com\/wp-content\/uploads\/2025\/03\/EDD-Grooved-Flow-Meter_1.jpg\" \/>\n\t<meta property=\"og:image:width\" content=\"612\" \/>\n\t<meta property=\"og:image:height\" content=\"459\" \/>\n\t<meta property=\"og:image:type\" content=\"image\/jpeg\" \/>\n<meta name=\"twitter:card\" content=\"summary_large_image\" \/>\n<meta name=\"twitter:label1\" content=\"Tiempo de lectura\" \/>\n\t<meta name=\"twitter:data1\" content=\"1 minuto\" \/>\n<script type=\"application\/ld+json\" class=\"yoast-schema-graph\">{\"@context\":\"https:\\\/\\\/schema.org\",\"@graph\":[{\"@type\":\"WebPage\",\"@id\":\"https:\\\/\\\/www.oil724.com\\\/es\\\/producto\\\/edd-grooved-turbine-flow-meter-5-6000-2\",\"url\":\"https:\\\/\\\/www.oil724.com\\\/es\\\/producto\\\/edd-grooved-turbine-flow-meter-5-6000-2\",\"name\":\"EDD Medidor de flujo de turbina ranurada 5.6000-2 - OIL724\",\"isPartOf\":{\"@id\":\"https:\\\/\\\/www.oil724.com\\\/es\\\/en#website\"},\"primaryImageOfPage\":{\"@id\":\"https:\\\/\\\/www.oil724.com\\\/es\\\/producto\\\/edd-grooved-turbine-flow-meter-5-6000-2#primaryimage\"},\"image\":{\"@id\":\"https:\\\/\\\/www.oil724.com\\\/es\\\/producto\\\/edd-grooved-turbine-flow-meter-5-6000-2#primaryimage\"},\"thumbnailUrl\":\"https:\\\/\\\/www.oil724.com\\\/wp-content\\\/uploads\\\/2025\\\/03\\\/EDD-Grooved-Flow-Meter_1.jpg\",\"datePublished\":\"2025-03-27T02:34:42+00:00\",\"dateModified\":\"2025-11-17T03:23:00+00:00\",\"breadcrumb\":{\"@id\":\"https:\\\/\\\/www.oil724.com\\\/es\\\/producto\\\/edd-grooved-turbine-flow-meter-5-6000-2#breadcrumb\"},\"inLanguage\":\"es\",\"potentialAction\":[{\"@type\":\"ReadAction\",\"target\":[\"https:\\\/\\\/www.oil724.com\\\/es\\\/producto\\\/edd-grooved-turbine-flow-meter-5-6000-2\"]}]},{\"@type\":\"ImageObject\",\"inLanguage\":\"es\",\"@id\":\"https:\\\/\\\/www.oil724.com\\\/es\\\/producto\\\/edd-grooved-turbine-flow-meter-5-6000-2#primaryimage\",\"url\":\"https:\\\/\\\/www.oil724.com\\\/wp-content\\\/uploads\\\/2025\\\/03\\\/EDD-Grooved-Flow-Meter_1.jpg\",\"contentUrl\":\"https:\\\/\\\/www.oil724.com\\\/wp-content\\\/uploads\\\/2025\\\/03\\\/EDD-Grooved-Flow-Meter_1.jpg\",\"width\":612,\"height\":459},{\"@type\":\"BreadcrumbList\",\"@id\":\"https:\\\/\\\/www.oil724.com\\\/es\\\/producto\\\/edd-grooved-turbine-flow-meter-5-6000-2#breadcrumb\",\"itemListElement\":[{\"@type\":\"ListItem\",\"position\":1,\"name\":\"\u9996\u9875\",\"item\":\"https:\\\/\\\/www.oil724.com\\\/es\"},{\"@type\":\"ListItem\",\"position\":2,\"name\":\"Shop\",\"item\":\"https:\\\/\\\/www.oil724.com\\\/en\\\/shop\"},{\"@type\":\"ListItem\",\"position\":3,\"name\":\"EDD Medidor de flujo de turbina ranurada 5.6000-2\"}]},{\"@type\":\"WebSite\",\"@id\":\"https:\\\/\\\/www.oil724.com\\\/es\\\/en#website\",\"url\":\"https:\\\/\\\/www.oil724.com\\\/es\\\/en\",\"name\":\"OIL724\",\"description\":\"\",\"publisher\":{\"@id\":\"https:\\\/\\\/www.oil724.com\\\/es\\\/en#organization\"},\"potentialAction\":[{\"@type\":\"SearchAction\",\"target\":{\"@type\":\"EntryPoint\",\"urlTemplate\":\"https:\\\/\\\/www.oil724.com\\\/es\\\/en?s={search_term_string}\"},\"query-input\":{\"@type\":\"PropertyValueSpecification\",\"valueRequired\":true,\"valueName\":\"search_term_string\"}}],\"inLanguage\":\"es\"},{\"@type\":\"Organization\",\"@id\":\"https:\\\/\\\/www.oil724.com\\\/es\\\/en#organization\",\"name\":\"OIL724\",\"url\":\"https:\\\/\\\/www.oil724.com\\\/es\\\/en\",\"logo\":{\"@type\":\"ImageObject\",\"inLanguage\":\"es\",\"@id\":\"https:\\\/\\\/www.oil724.com\\\/es\\\/en#\\\/schema\\\/logo\\\/image\\\/\",\"url\":\"https:\\\/\\\/www.oil724.com\\\/wp-content\\\/uploads\\\/2020\\\/02\\\/OIL724-LOGO-scaled-e1704177881986.jpg\",\"contentUrl\":\"https:\\\/\\\/www.oil724.com\\\/wp-content\\\/uploads\\\/2020\\\/02\\\/OIL724-LOGO-scaled-e1704177881986.jpg\",\"width\":780,\"height\":117,\"caption\":\"OIL724\"},\"image\":{\"@id\":\"https:\\\/\\\/www.oil724.com\\\/es\\\/en#\\\/schema\\\/logo\\\/image\\\/\"}}]}<\/script>\n<!-- \/ Yoast SEO plugin. -->","yoast_head_json":{"title":"EDD Medidor de flujo de turbina ranurada 5.6000-2 - OIL724","robots":{"index":"index","follow":"follow","max-snippet":"max-snippet:-1","max-image-preview":"max-image-preview:large","max-video-preview":"max-video-preview:-1"},"canonical":"https:\/\/www.oil724.com\/es\/producto\/edd-grooved-turbine-flow-meter-5-6000-2","og_locale":"es_ES","og_type":"article","og_title":"EDD Medidor de flujo de turbina ranurada 5.6000-2 - OIL724","og_description":"Medidor de flujo de turbina de 6\" x 6\" con sellos finales victaulic","og_url":"https:\/\/www.oil724.com\/es\/producto\/edd-grooved-turbine-flow-meter-5-6000-2","og_site_name":"OIL724","article_modified_time":"2025-11-17T03:23:00+00:00","og_image":[{"width":612,"height":459,"url":"https:\/\/www.oil724.com\/wp-content\/uploads\/2025\/03\/EDD-Grooved-Flow-Meter_1.jpg","type":"image\/jpeg"}],"twitter_card":"summary_large_image","twitter_misc":{"Tiempo de lectura":"1 minuto"},"schema":{"@context":"https:\/\/schema.org","@graph":[{"@type":"WebPage","@id":"https:\/\/www.oil724.com\/es\/producto\/edd-grooved-turbine-flow-meter-5-6000-2","url":"https:\/\/www.oil724.com\/es\/producto\/edd-grooved-turbine-flow-meter-5-6000-2","name":"EDD Medidor de flujo de turbina ranurada 5.6000-2 - OIL724","isPartOf":{"@id":"https:\/\/www.oil724.com\/es\/en#website"},"primaryImageOfPage":{"@id":"https:\/\/www.oil724.com\/es\/producto\/edd-grooved-turbine-flow-meter-5-6000-2#primaryimage"},"image":{"@id":"https:\/\/www.oil724.com\/es\/producto\/edd-grooved-turbine-flow-meter-5-6000-2#primaryimage"},"thumbnailUrl":"https:\/\/www.oil724.com\/wp-content\/uploads\/2025\/03\/EDD-Grooved-Flow-Meter_1.jpg","datePublished":"2025-03-27T02:34:42+00:00","dateModified":"2025-11-17T03:23:00+00:00","breadcrumb":{"@id":"https:\/\/www.oil724.com\/es\/producto\/edd-grooved-turbine-flow-meter-5-6000-2#breadcrumb"},"inLanguage":"es","potentialAction":[{"@type":"ReadAction","target":["https:\/\/www.oil724.com\/es\/producto\/edd-grooved-turbine-flow-meter-5-6000-2"]}]},{"@type":"ImageObject","inLanguage":"es","@id":"https:\/\/www.oil724.com\/es\/producto\/edd-grooved-turbine-flow-meter-5-6000-2#primaryimage","url":"https:\/\/www.oil724.com\/wp-content\/uploads\/2025\/03\/EDD-Grooved-Flow-Meter_1.jpg","contentUrl":"https:\/\/www.oil724.com\/wp-content\/uploads\/2025\/03\/EDD-Grooved-Flow-Meter_1.jpg","width":612,"height":459},{"@type":"BreadcrumbList","@id":"https:\/\/www.oil724.com\/es\/producto\/edd-grooved-turbine-flow-meter-5-6000-2#breadcrumb","itemListElement":[{"@type":"ListItem","position":1,"name":"\u9996\u9875","item":"https:\/\/www.oil724.com\/es"},{"@type":"ListItem","position":2,"name":"Shop","item":"https:\/\/www.oil724.com\/en\/shop"},{"@type":"ListItem","position":3,"name":"EDD Medidor de flujo de turbina ranurada 5.6000-2"}]},{"@type":"WebSite","@id":"https:\/\/www.oil724.com\/es\/en#website","url":"https:\/\/www.oil724.com\/es\/en","name":"OIL724","description":"","publisher":{"@id":"https:\/\/www.oil724.com\/es\/en#organization"},"potentialAction":[{"@type":"SearchAction","target":{"@type":"EntryPoint","urlTemplate":"https:\/\/www.oil724.com\/es\/en?s={search_term_string}"},"query-input":{"@type":"PropertyValueSpecification","valueRequired":true,"valueName":"search_term_string"}}],"inLanguage":"es"},{"@type":"Organization","@id":"https:\/\/www.oil724.com\/es\/en#organization","name":"OIL724","url":"https:\/\/www.oil724.com\/es\/en","logo":{"@type":"ImageObject","inLanguage":"es","@id":"https:\/\/www.oil724.com\/es\/en#\/schema\/logo\/image\/","url":"https:\/\/www.oil724.com\/wp-content\/uploads\/2020\/02\/OIL724-LOGO-scaled-e1704177881986.jpg","contentUrl":"https:\/\/www.oil724.com\/wp-content\/uploads\/2020\/02\/OIL724-LOGO-scaled-e1704177881986.jpg","width":780,"height":117,"caption":"OIL724"},"image":{"@id":"https:\/\/www.oil724.com\/es\/en#\/schema\/logo\/image\/"}}]}},"brands":[{"id":6406,"name":"EDD","slug":"edd-es"}],"_links":{"self":[{"href":"https:\/\/www.oil724.com\/es\/wp-json\/wp\/v2\/product\/41997","targetHints":{"allow":["GET"]}}],"collection":[{"href":"https:\/\/www.oil724.com\/es\/wp-json\/wp\/v2\/product"}],"about":[{"href":"https:\/\/www.oil724.com\/es\/wp-json\/wp\/v2\/types\/product"}],"wp:featuredmedia":[{"embeddable":true,"href":"https:\/\/www.oil724.com\/es\/wp-json\/wp\/v2\/media\/41998"}],"wp:attachment":[{"href":"https:\/\/www.oil724.com\/es\/wp-json\/wp\/v2\/media?parent=41997"}],"wp:term":[{"taxonomy":"pwb-brand","embeddable":true,"href":"https:\/\/www.oil724.com\/es\/wp-json\/wp\/v2\/pwb-brand?post=41997"},{"taxonomy":"product_brand","embeddable":true,"href":"https:\/\/www.oil724.com\/es\/wp-json\/wp\/v2\/product_brand?post=41997"},{"taxonomy":"product_cat","embeddable":true,"href":"https:\/\/www.oil724.com\/es\/wp-json\/wp\/v2\/product_cat?post=41997"},{"taxonomy":"product_tag","embeddable":true,"href":"https:\/\/www.oil724.com\/es\/wp-json\/wp\/v2\/product_tag?post=41997"}],"curies":[{"name":"wp","href":"https:\/\/api.w.org\/{rel}","templated":true}]}}